{"id":1704,"date":"2022-11-05T09:35:12","date_gmt":"2022-11-05T09:35:12","guid":{"rendered":"https:\/\/dsagroup.kyiv.ua\/kontakty\/"},"modified":"2024-10-10T20:06:22","modified_gmt":"2024-10-10T20:06:22","slug":"contacts","status":"publish","type":"page","link":"https:\/\/dsagroup.kyiv.ua\/pl\/contacts\/","title":{"rendered":"Kontakty"},"content":{"rendered":"\t\t<div data-elementor-type=\"wp-page\" data-elementor-id=\"1704\" class=\"elementor elementor-1704 elementor-14\" data-elementor-post-type=\"page\">\n\t\t\t\t\t\t<section class=\"elementor-section elementor-top-section elementor-element elementor-element-55edcbb elementor-section-boxed elementor-section-height-default elementor-section-height-default\" data-id=\"55edcbb\" data-element_type=\"section\" data-e-type=\"section\">\n\t\t\t\t\t\t<div class=\"elementor-container elementor-column-gap-default\">\n\t\t\t\t\t<div class=\"elementor-column elementor-col-100 elementor-top-column elementor-element elementor-element-f882b9c\" data-id=\"f882b9c\" data-element_type=\"column\" data-e-type=\"column\">\n\t\t\t<div class=\"elementor-widget-wrap elementor-element-populated\">\n\t\t\t\t\t\t<section class=\"elementor-section elementor-inner-section elementor-element elementor-element-3bfcf98 elementor-section-boxed elementor-section-height-default elementor-section-height-default\" data-id=\"3bfcf98\" data-element_type=\"section\" data-e-type=\"section\">\n\t\t\t\t\t\t<div class=\"elementor-container elementor-column-gap-default\">\n\t\t\t\t\t<div class=\"elementor-column elementor-col-100 elementor-inner-column elementor-element elementor-element-12ba56f\" data-id=\"12ba56f\" data-element_type=\"column\" data-e-type=\"column\" data-settings=\"{&quot;background_background&quot;:&quot;classic&quot;}\">\n\t\t\t<div class=\"elementor-widget-wrap elementor-element-populated\">\n\t\t\t\t\t\t<div class=\"elementor-element elementor-element-463e65b elementor-widget elementor-widget-heading\" data-id=\"463e65b\" data-element_type=\"widget\" data-e-type=\"widget\" data-widget_type=\"heading.default\">\n\t\t\t\t<div class=\"elementor-widget-container\">\n\t\t\t\t\t<h3 class=\"elementor-heading-title elementor-size-default\">Skontaktuj si\u0119 z nami<\/h3>\t\t\t\t<\/div>\n\t\t\t\t<\/div>\n\t\t\t\t<div class=\"elementor-element elementor-element-ad68acb elementor-button-align-center elementor-mobile-button-align-stretch elementor-widget elementor-widget-form\" data-id=\"ad68acb\" data-element_type=\"widget\" data-e-type=\"widget\" data-settings=\"{&quot;step_next_label&quot;:&quot;Nast\\u0119pny&quot;,&quot;step_previous_label&quot;:&quot;Poprzedni&quot;,&quot;button_width&quot;:&quot;100&quot;,&quot;step_type&quot;:&quot;number_text&quot;,&quot;step_icon_shape&quot;:&quot;circle&quot;}\" data-widget_type=\"form.default\">\n\t\t\t\t<div class=\"elementor-widget-container\">\n\t\t\t\t\t\t\t<form class=\"elementor-form\" method=\"post\" name=\"Contacts\" aria-label=\"Contacts\">\n\t\t\t<input type=\"hidden\" name=\"post_id\" value=\"1704\"\/>\n\t\t\t<input type=\"hidden\" name=\"form_id\" value=\"ad68acb\"\/>\n\t\t\t<input type=\"hidden\" name=\"referer_title\" value=\"Kontakty - DSA GROUP\" \/>\n\n\t\t\t\t\t\t\t<input type=\"hidden\" name=\"queried_id\" value=\"1704\"\/>\n\t\t\t\n\t\t\t<div class=\"elementor-form-fields-wrapper elementor-labels-above\">\n\t\t\t\t\t\t\t\t<div class=\"elementor-field-type-text elementor-field-group elementor-column elementor-field-group-name elementor-col-100 elementor-field-required elementor-mark-required\">\n\t\t\t\t\t\t\t\t\t\t\t\t<label for=\"form-field-name\" class=\"elementor-field-label\">\n\t\t\t\t\t\t\t\tImi\u0119\t\t\t\t\t\t\t<\/label>\n\t\t\t\t\t\t\t\t\t\t\t\t\t\t<input size=\"1\" type=\"text\" name=\"form_fields[name]\" id=\"form-field-name\" class=\"elementor-field elementor-size-sm  elementor-field-textual\" placeholder=\"Twoje imi\u0119\" required=\"required\">\n\t\t\t\t\t\t\t\t\t\t\t<\/div>\n\t\t\t\t\t\t\t\t<div class=\"elementor-field-type-tel elementor-field-group elementor-column elementor-field-group-field_eacf4f8 elementor-col-100 elementor-field-required elementor-mark-required\">\n\t\t\t\t\t\t\t\t\t\t\t\t<label for=\"form-field-field_eacf4f8\" class=\"elementor-field-label\">\n\t\t\t\t\t\t\t\tNumer telefonu\t\t\t\t\t\t\t<\/label>\n\t\t\t\t\t\t\t\t<input size=\"1\" type=\"tel\" name=\"form_fields[field_eacf4f8]\" id=\"form-field-field_eacf4f8\" class=\"elementor-field elementor-size-sm  elementor-field-textual\" placeholder=\"0681234567\" required=\"required\" pattern=\"[0-9()#&amp;+*-=.]+\" title=\"Akceptowane s\u0105 jedynie cyfry i znaki telefoniczne (#,-,*).\">\n\n\t\t\t\t\t\t<\/div>\n\t\t\t\t\t\t\t\t<div class=\"elementor-field-type-email elementor-field-group elementor-column elementor-field-group-email elementor-col-100\">\n\t\t\t\t\t\t\t\t\t\t\t\t<label for=\"form-field-email\" class=\"elementor-field-label\">\n\t\t\t\t\t\t\t\tEmail\t\t\t\t\t\t\t<\/label>\n\t\t\t\t\t\t\t\t\t\t\t\t\t\t<input size=\"1\" type=\"email\" name=\"form_fields[email]\" id=\"form-field-email\" class=\"elementor-field elementor-size-sm  elementor-field-textual\" placeholder=\"Tw\u00f3j e-mail\">\n\t\t\t\t\t\t\t\t\t\t\t<\/div>\n\t\t\t\t\t\t\t\t<div class=\"elementor-field-type-textarea elementor-field-group elementor-column elementor-field-group-message elementor-col-100\">\n\t\t\t\t\t\t\t\t\t\t\t\t<label for=\"form-field-message\" class=\"elementor-field-label\">\n\t\t\t\t\t\t\t\tWiadomo\u015b\u0107\t\t\t\t\t\t\t<\/label>\n\t\t\t\t\t\t<textarea class=\"elementor-field-textual elementor-field  elementor-size-sm\" name=\"form_fields[message]\" id=\"form-field-message\" rows=\"4\" placeholder=\"Tekst wiadomo\u015bci\"><\/textarea>\t\t\t\t<\/div>\n\t\t\t\t\t\t\t\t<div class=\"elementor-field-type-recaptcha_v3 elementor-field-group elementor-column elementor-field-group-field_2dcacd6 elementor-col-100 recaptcha_v3-bottomright\">\n\t\t\t\t\t<div class=\"elementor-field\" id=\"form-field-field_2dcacd6\"><div class=\"elementor-g-recaptcha\" data-sitekey=\"6Le3OKsjAAAAAKlCORgguZzbMEhOyIJ0tJcMAnsy\" data-type=\"v3\" data-action=\"Form\" data-badge=\"bottomright\" data-size=\"invisible\"><\/div><\/div>\t\t\t\t<\/div>\n\t\t\t\t\t\t\t\t<div class=\"elementor-field-group elementor-column elementor-field-type-submit elementor-col-100 e-form__buttons\">\n\t\t\t\t\t<button class=\"elementor-button elementor-size-sm\" type=\"submit\">\n\t\t\t\t\t\t<span class=\"elementor-button-content-wrapper\">\n\t\t\t\t\t\t\t\t\t\t\t\t\t\t\t\t\t\t\t\t\t\t<span class=\"elementor-button-text\">Wy\u015blij<\/span>\n\t\t\t\t\t\t\t\t\t\t\t\t\t<\/span>\n\t\t\t\t\t<\/button>\n\t\t\t\t<\/div>\n\t\t\t<\/div>\n\t\t<\/form>\n\t\t\t\t\t\t<\/div>\n\t\t\t\t<\/div>\n\t\t\t\t\t<\/div>\n\t\t<\/div>\n\t\t\t\t\t<\/div>\n\t\t<\/section>\n\t\t\t\t\t<\/div>\n\t\t<\/div>\n\t\t\t\t\t<\/div>\n\t\t<\/section>\n\t\t\t\t<\/div>\n\t\t","protected":false},"excerpt":{"rendered":"<p>Skontaktuj si\u0119 z nami<\/p>\n","protected":false},"author":723,"featured_media":1659,"parent":0,"menu_order":0,"comment_status":"closed","ping_status":"closed","template":"","meta":{"footnotes":""},"class_list":["post-1704","page","type-page","status-publish","has-post-thumbnail","hentry"],"yoast_head":"<!-- This site is optimized with the Yoast SEO plugin v23.1 - https:\/\/yoast.com\/wordpress\/plugins\/seo\/ -->\n<title>Kontakty - DSA GROUP<\/title>\n<meta name=\"description\" content=\"Mamy siedzib\u0119 w Kijowie, ale prowadzimy dzia\u0142alno\u015b\u0107 na terenie ca\u0142ej Ukrainy. Skontaktuj si\u0119 z nami w dowolny, wygodny spos\u00f3b, a my Ci doradzimy.\" \/>\n<meta name=\"robots\" content=\"index, follow, max-snippet:-1, max-image-preview:large, max-video-preview:-1\" \/>\n<link rel=\"canonical\" href=\"https:\/\/dsagroup.kyiv.ua\/pl\/contacts\/\" \/>\n<meta property=\"og:locale\" content=\"pl_PL\" \/>\n<meta property=\"og:type\" content=\"article\" \/>\n<meta property=\"og:title\" content=\"Kontakty - DSA GROUP\" \/>\n<meta property=\"og:description\" content=\"Mamy siedzib\u0119 w Kijowie, ale prowadzimy dzia\u0142alno\u015b\u0107 na terenie ca\u0142ej Ukrainy. Skontaktuj si\u0119 z nami w dowolny, wygodny spos\u00f3b, a my Ci doradzimy.\" \/>\n<meta property=\"og:url\" content=\"https:\/\/dsagroup.kyiv.ua\/pl\/contacts\/\" \/>\n<meta property=\"og:site_name\" content=\"DSA GROUP\" \/>\n<meta property=\"article:publisher\" content=\"https:\/\/www.facebook.com\/aodsagroup\" \/>\n<meta property=\"article:modified_time\" content=\"2024-10-10T20:06:22+00:00\" \/>\n<meta property=\"og:image\" content=\"https:\/\/dsagroup.kyiv.ua\/wp-content\/uploads\/2022\/12\/dsa_mini.png\" \/>\n\t<meta property=\"og:image:width\" content=\"1200\" \/>\n\t<meta property=\"og:image:height\" content=\"630\" \/>\n\t<meta property=\"og:image:type\" content=\"image\/png\" \/>\n<meta name=\"twitter:card\" content=\"summary_large_image\" \/>\n<script type=\"application\/ld+json\" class=\"yoast-schema-graph\">{\"@context\":\"https:\/\/schema.org\",\"@graph\":[{\"@type\":\"WebPage\",\"@id\":\"https:\/\/dsagroup.kyiv.ua\/pl\/contacts\/\",\"url\":\"https:\/\/dsagroup.kyiv.ua\/pl\/contacts\/\",\"name\":\"Kontakty - DSA GROUP\",\"isPartOf\":{\"@id\":\"https:\/\/dsagroup.kyiv.ua\/pl\/#website\"},\"primaryImageOfPage\":{\"@id\":\"https:\/\/dsagroup.kyiv.ua\/pl\/contacts\/#primaryimage\"},\"image\":{\"@id\":\"https:\/\/dsagroup.kyiv.ua\/pl\/contacts\/#primaryimage\"},\"thumbnailUrl\":\"https:\/\/dsagroup.kyiv.ua\/wp-content\/uploads\/2022\/12\/dsa_mini.png\",\"datePublished\":\"2022-11-05T09:35:12+00:00\",\"dateModified\":\"2024-10-10T20:06:22+00:00\",\"description\":\"Mamy siedzib\u0119 w Kijowie, ale prowadzimy dzia\u0142alno\u015b\u0107 na terenie ca\u0142ej Ukrainy. Skontaktuj si\u0119 z nami w dowolny, wygodny spos\u00f3b, a my Ci doradzimy.\",\"breadcrumb\":{\"@id\":\"https:\/\/dsagroup.kyiv.ua\/pl\/contacts\/#breadcrumb\"},\"inLanguage\":\"pl-PL\",\"potentialAction\":[{\"@type\":\"ReadAction\",\"target\":[\"https:\/\/dsagroup.kyiv.ua\/pl\/contacts\/\"]}]},{\"@type\":\"ImageObject\",\"inLanguage\":\"pl-PL\",\"@id\":\"https:\/\/dsagroup.kyiv.ua\/pl\/contacts\/#primaryimage\",\"url\":\"https:\/\/dsagroup.kyiv.ua\/wp-content\/uploads\/2022\/12\/dsa_mini.png\",\"contentUrl\":\"https:\/\/dsagroup.kyiv.ua\/wp-content\/uploads\/2022\/12\/dsa_mini.png\",\"width\":1200,\"height\":630},{\"@type\":\"BreadcrumbList\",\"@id\":\"https:\/\/dsagroup.kyiv.ua\/pl\/contacts\/#breadcrumb\",\"itemListElement\":[{\"@type\":\"ListItem\",\"position\":1,\"name\":\"Home\",\"item\":\"https:\/\/dsagroup.kyiv.ua\/pl\/\"},{\"@type\":\"ListItem\",\"position\":2,\"name\":\"Kontakty\"}]},{\"@type\":\"WebSite\",\"@id\":\"https:\/\/dsagroup.kyiv.ua\/pl\/#website\",\"url\":\"https:\/\/dsagroup.kyiv.ua\/pl\/\",\"name\":\"DSA GROUP - \u041a\u0432\u0430\u043b\u0456\u0444\u0456\u043a\u043e\u0432\u0430\u043d\u0456 \u0430\u0434\u0432\u043e\u043a\u0430\u0442\u0438 \u0437\u0430\u0445\u0438\u0441\u0442\u0443\",\"description\":\"Kancelaria prawna\",\"publisher\":{\"@id\":\"https:\/\/dsagroup.kyiv.ua\/pl\/#organization\"},\"alternateName\":\"\u0410\u0434\u0432\u043e\u043a\u0430\u0442\u0441\u044c\u043a\u0435 \u043e\u0431'\u0454\u0434\u043d\u0430\u043d\u043d\u044f DSA GROUP\",\"potentialAction\":[{\"@type\":\"SearchAction\",\"target\":{\"@type\":\"EntryPoint\",\"urlTemplate\":\"https:\/\/dsagroup.kyiv.ua\/pl\/?s={search_term_string}\"},\"query-input\":\"required name=search_term_string\"}],\"inLanguage\":\"pl-PL\"},{\"@type\":\"Organization\",\"@id\":\"https:\/\/dsagroup.kyiv.ua\/pl\/#organization\",\"name\":\"Kancelaria prawna DSA GROUP\",\"alternateName\":\"DSA GROUP - \u041a\u0432\u0430\u043b\u0456\u0444\u0456\u043a\u043e\u0432\u0430\u043d\u0456 \u0430\u0434\u0432\u043e\u043a\u0430\u0442\u0438 \u0437\u0430\u0445\u0438\u0441\u0442\u0443\",\"url\":\"https:\/\/dsagroup.kyiv.ua\/pl\/\",\"logo\":{\"@type\":\"ImageObject\",\"inLanguage\":\"pl-PL\",\"@id\":\"https:\/\/dsagroup.kyiv.ua\/pl\/#\/schema\/logo\/image\/\",\"url\":\"https:\/\/dsagroup.kyiv.ua\/wp-content\/uploads\/2022\/12\/dsa_group_logo_2c.svg\",\"contentUrl\":\"https:\/\/dsagroup.kyiv.ua\/wp-content\/uploads\/2022\/12\/dsa_group_logo_2c.svg\",\"width\":165,\"height\":83,\"caption\":\"Kancelaria prawna DSA GROUP\"},\"image\":{\"@id\":\"https:\/\/dsagroup.kyiv.ua\/pl\/#\/schema\/logo\/image\/\"},\"sameAs\":[\"https:\/\/www.facebook.com\/aodsagroup\"]}]}<\/script>\n<!-- \/ Yoast SEO plugin. -->","yoast_head_json":{"title":"Kontakty - DSA GROUP","description":"Mamy siedzib\u0119 w Kijowie, ale prowadzimy dzia\u0142alno\u015b\u0107 na terenie ca\u0142ej Ukrainy. Skontaktuj si\u0119 z nami w dowolny, wygodny spos\u00f3b, a my Ci doradzimy.","robots":{"index":"index","follow":"follow","max-snippet":"max-snippet:-1","max-image-preview":"max-image-preview:large","max-video-preview":"max-video-preview:-1"},"canonical":"https:\/\/dsagroup.kyiv.ua\/pl\/contacts\/","og_locale":"pl_PL","og_type":"article","og_title":"Kontakty - DSA GROUP","og_description":"Mamy siedzib\u0119 w Kijowie, ale prowadzimy dzia\u0142alno\u015b\u0107 na terenie ca\u0142ej Ukrainy. Skontaktuj si\u0119 z nami w dowolny, wygodny spos\u00f3b, a my Ci doradzimy.","og_url":"https:\/\/dsagroup.kyiv.ua\/pl\/contacts\/","og_site_name":"DSA GROUP","article_publisher":"https:\/\/www.facebook.com\/aodsagroup","article_modified_time":"2024-10-10T20:06:22+00:00","og_image":[{"width":1200,"height":630,"url":"https:\/\/dsagroup.kyiv.ua\/wp-content\/uploads\/2022\/12\/dsa_mini.png","type":"image\/png"}],"twitter_card":"summary_large_image","schema":{"@context":"https:\/\/schema.org","@graph":[{"@type":"WebPage","@id":"https:\/\/dsagroup.kyiv.ua\/pl\/contacts\/","url":"https:\/\/dsagroup.kyiv.ua\/pl\/contacts\/","name":"Kontakty - DSA GROUP","isPartOf":{"@id":"https:\/\/dsagroup.kyiv.ua\/pl\/#website"},"primaryImageOfPage":{"@id":"https:\/\/dsagroup.kyiv.ua\/pl\/contacts\/#primaryimage"},"image":{"@id":"https:\/\/dsagroup.kyiv.ua\/pl\/contacts\/#primaryimage"},"thumbnailUrl":"https:\/\/dsagroup.kyiv.ua\/wp-content\/uploads\/2022\/12\/dsa_mini.png","datePublished":"2022-11-05T09:35:12+00:00","dateModified":"2024-10-10T20:06:22+00:00","description":"Mamy siedzib\u0119 w Kijowie, ale prowadzimy dzia\u0142alno\u015b\u0107 na terenie ca\u0142ej Ukrainy. Skontaktuj si\u0119 z nami w dowolny, wygodny spos\u00f3b, a my Ci doradzimy.","breadcrumb":{"@id":"https:\/\/dsagroup.kyiv.ua\/pl\/contacts\/#breadcrumb"},"inLanguage":"pl-PL","potentialAction":[{"@type":"ReadAction","target":["https:\/\/dsagroup.kyiv.ua\/pl\/contacts\/"]}]},{"@type":"ImageObject","inLanguage":"pl-PL","@id":"https:\/\/dsagroup.kyiv.ua\/pl\/contacts\/#primaryimage","url":"https:\/\/dsagroup.kyiv.ua\/wp-content\/uploads\/2022\/12\/dsa_mini.png","contentUrl":"https:\/\/dsagroup.kyiv.ua\/wp-content\/uploads\/2022\/12\/dsa_mini.png","width":1200,"height":630},{"@type":"BreadcrumbList","@id":"https:\/\/dsagroup.kyiv.ua\/pl\/contacts\/#breadcrumb","itemListElement":[{"@type":"ListItem","position":1,"name":"Home","item":"https:\/\/dsagroup.kyiv.ua\/pl\/"},{"@type":"ListItem","position":2,"name":"Kontakty"}]},{"@type":"WebSite","@id":"https:\/\/dsagroup.kyiv.ua\/pl\/#website","url":"https:\/\/dsagroup.kyiv.ua\/pl\/","name":"DSA GROUP - \u041a\u0432\u0430\u043b\u0456\u0444\u0456\u043a\u043e\u0432\u0430\u043d\u0456 \u0430\u0434\u0432\u043e\u043a\u0430\u0442\u0438 \u0437\u0430\u0445\u0438\u0441\u0442\u0443","description":"Kancelaria prawna","publisher":{"@id":"https:\/\/dsagroup.kyiv.ua\/pl\/#organization"},"alternateName":"\u0410\u0434\u0432\u043e\u043a\u0430\u0442\u0441\u044c\u043a\u0435 \u043e\u0431'\u0454\u0434\u043d\u0430\u043d\u043d\u044f DSA GROUP","potentialAction":[{"@type":"SearchAction","target":{"@type":"EntryPoint","urlTemplate":"https:\/\/dsagroup.kyiv.ua\/pl\/?s={search_term_string}"},"query-input":"required name=search_term_string"}],"inLanguage":"pl-PL"},{"@type":"Organization","@id":"https:\/\/dsagroup.kyiv.ua\/pl\/#organization","name":"Kancelaria prawna DSA GROUP","alternateName":"DSA GROUP - \u041a\u0432\u0430\u043b\u0456\u0444\u0456\u043a\u043e\u0432\u0430\u043d\u0456 \u0430\u0434\u0432\u043e\u043a\u0430\u0442\u0438 \u0437\u0430\u0445\u0438\u0441\u0442\u0443","url":"https:\/\/dsagroup.kyiv.ua\/pl\/","logo":{"@type":"ImageObject","inLanguage":"pl-PL","@id":"https:\/\/dsagroup.kyiv.ua\/pl\/#\/schema\/logo\/image\/","url":"https:\/\/dsagroup.kyiv.ua\/wp-content\/uploads\/2022\/12\/dsa_group_logo_2c.svg","contentUrl":"https:\/\/dsagroup.kyiv.ua\/wp-content\/uploads\/2022\/12\/dsa_group_logo_2c.svg","width":165,"height":83,"caption":"Kancelaria prawna DSA GROUP"},"image":{"@id":"https:\/\/dsagroup.kyiv.ua\/pl\/#\/schema\/logo\/image\/"},"sameAs":["https:\/\/www.facebook.com\/aodsagroup"]}]}},"_links":{"self":[{"href":"https:\/\/dsagroup.kyiv.ua\/pl\/wp-json\/wp\/v2\/pages\/1704"}],"collection":[{"href":"https:\/\/dsagroup.kyiv.ua\/pl\/wp-json\/wp\/v2\/pages"}],"about":[{"href":"https:\/\/dsagroup.kyiv.ua\/pl\/wp-json\/wp\/v2\/types\/page"}],"author":[{"embeddable":true,"href":"https:\/\/dsagroup.kyiv.ua\/pl\/wp-json\/wp\/v2\/users\/723"}],"replies":[{"embeddable":true,"href":"https:\/\/dsagroup.kyiv.ua\/pl\/wp-json\/wp\/v2\/comments?post=1704"}],"version-history":[{"count":5,"href":"https:\/\/dsagroup.kyiv.ua\/pl\/wp-json\/wp\/v2\/pages\/1704\/revisions"}],"predecessor-version":[{"id":1877,"href":"https:\/\/dsagroup.kyiv.ua\/pl\/wp-json\/wp\/v2\/pages\/1704\/revisions\/1877"}],"wp:featuredmedia":[{"embeddable":true,"href":"https:\/\/dsagroup.kyiv.ua\/pl\/wp-json\/wp\/v2\/media\/1659"}],"wp:attachment":[{"href":"https:\/\/dsagroup.kyiv.ua\/pl\/wp-json\/wp\/v2\/media?parent=1704"}],"curies":[{"name":"wp","href":"https:\/\/api.w.org\/{rel}","templated":true}]}}